{"id":656,"date":"2021-01-04T16:44:52","date_gmt":"2021-01-04T15:44:52","guid":{"rendered":"http:\/\/194.30.98.125\/pinus-radiata\/"},"modified":"2021-06-02T19:27:18","modified_gmt":"2021-06-02T17:27:18","slug":"pin-de-monterey","status":"publish","type":"page","link":"https:\/\/etorki.com\/fr\/pin-de-monterey\/","title":{"rendered":"Pin de Monterey"},"content":{"rendered":"\n<h1>\n\t\tNotre activit\u00e9 foresti\u00e8re<br \/>tourne autour du pin de Monterey\n\t<\/h1>\n<h2>\n\t\tNOTRE MATI\u00c8RE PREMI\u00c8RE\n\t<\/h2>\n\t\t\t<h4>Pin de Monterey<\/h4>\n\t\t\t<p>Le <strong><em>Pin de Monterey<\/em><\/strong>, commun\u00e9ment appel\u00e9 pin insigne ou pinus radiata, est originaire de la c\u00f4te ouest des \u00c9tats-Unis d&rsquo;Am\u00e9rique, plus pr\u00e9cis\u00e9ment de la Californie. Il a \u00e9t\u00e9 introduit au Pays Basque au milieu du XIXe si\u00e8cle, r\u00e9ussissant \u00e0 s&rsquo;adapter au climat et au sol du pays, atteignant m\u00eame des taux de croissance plus \u00e9lev\u00e9s et en moins de temps que ceux de sa r\u00e9gion d&rsquo;origine.<\/p>\t\t\n\t<a href=\"https:\/\/etorki.com\/wp-content\/uploads\/2021\/01\/Ficha-Radiata.pdf\" target=\"_blank\" role=\"button\" rel=\"noopener\" aria-label=\" FICHE TECHNIQUE\">\n\t\t\t\t FICHE TECHNIQUE\n\t\t\t<\/a>\n<h2>\n\t\tPAYS BASQUE, PAYS FORESTIER\n\t<\/h2>\n\t<p>54 % de la surface totale du Pays basque est bois\u00e9e, l&rsquo;un des ratios les plus \u00e9lev\u00e9s de l&rsquo;UE.\u00a0Au d\u00e9but du 20\u00e8me si\u00e8cle, la surface bois\u00e9e de ce territoire \u00e9tait de 20%, aujourd&rsquo;hui elle dispose d&rsquo;une surface bois\u00e9e de 55%.<\/p>\n<p>Au cours des 40 derni\u00e8res ann\u00e9es, la quantit\u00e9 de bois contenue dans nos zones bois\u00e9es a doubl\u00e9 et sa surface a augment\u00e9 d&rsquo;ann\u00e9e en ann\u00e9e.<\/p>\n<p>L&rsquo;activit\u00e9 foresti\u00e8re continue de repr\u00e9senter une part importante des revenus du monde rural basque. De nos fermes, avec nos for\u00eats, nous contribuons non seulement \u00e0 fournir de la richesse aux diff\u00e9rents agents de la cha\u00eene de valeur, mais aussi \u00e0 la soci\u00e9t\u00e9 dans son ensemble gr\u00e2ce \u00e0 notre contribution \u00e0 la lutte contre le changement climatique.<\/p>\n<p>Il s&rsquo;agit de l&rsquo;une des rares mati\u00e8res premi\u00e8res disponibles au Pays basque, avec la particularit\u00e9 suppl\u00e9mentaire que notre territoire est le seul en Europe o\u00f9 l&rsquo;on cultive la vari\u00e9t\u00e9 de Pin de Monterey.<\/p>\n<h3>\n\t\t+62,6 M \n\t<\/h3>\n<h4>\n\t\tm\u00b3 de bois\n\t<\/h4>\n<h3>\n\t\t3,4 M\n\t<\/h3>\n<h4>\n\t\tm\u00b3\/an DE CROISSANCE ANNUELLE\n\t<\/h4>\n<h3>\n\t\t+20 000\n\t<\/h3>\n<h4>\n\t\tPROPRI\u00c9TAIRES\n\t<\/h4>\n\n","protected":false},"excerpt":{"rendered":"<p>Notre activit\u00e9 foresti\u00e8retourne autour du pin de Monterey NOTRE MATI\u00c8RE PREMI\u00c8RE Pin de Monterey Le Pin de Monterey, commun\u00e9ment appel\u00e9 pin insigne ou pinus radiata, est originaire de la c\u00f4te ouest des \u00c9tats-Unis d&rsquo;Am\u00e9rique, plus pr\u00e9cis\u00e9ment de la Californie. Il a \u00e9t\u00e9 introduit au Pays Basque au milieu du XIXe si\u00e8cle, r\u00e9ussissant \u00e0 s&rsquo;adapter au&hellip;<\/p>\n","protected":false},"author":2,"featured_media":0,"parent":0,"menu_order":0,"comment_status":"closed","ping_status":"closed","template":"","meta":{"footnotes":""},"class_list":["post-656","page","type-page","status-publish","hentry"],"_links":{"self":[{"href":"https:\/\/etorki.com\/fr\/wp-json\/wp\/v2\/pages\/656","targetHints":{"allow":["GET"]}}],"collection":[{"href":"https:\/\/etorki.com\/fr\/wp-json\/wp\/v2\/pages"}],"about":[{"href":"https:\/\/etorki.com\/fr\/wp-json\/wp\/v2\/types\/page"}],"author":[{"embeddable":true,"href":"https:\/\/etorki.com\/fr\/wp-json\/wp\/v2\/users\/2"}],"replies":[{"embeddable":true,"href":"https:\/\/etorki.com\/fr\/wp-json\/wp\/v2\/comments?post=656"}],"version-history":[{"count":0,"href":"https:\/\/etorki.com\/fr\/wp-json\/wp\/v2\/pages\/656\/revisions"}],"wp:attachment":[{"href":"https:\/\/etorki.com\/fr\/wp-json\/wp\/v2\/media?parent=656"}],"curies":[{"name":"wp","href":"https:\/\/api.w.org\/{rel}","templated":true}]}}