{"id":653,"date":"2021-01-04T15:47:08","date_gmt":"2021-01-04T14:47:08","guid":{"rendered":"http:\/\/194.30.98.125\/etorki-forestal\/"},"modified":"2021-05-31T16:22:32","modified_gmt":"2021-05-31T14:22:32","slug":"etorki-forestiere","status":"publish","type":"page","link":"https:\/\/etorki.com\/fr\/etorki-forestiere\/","title":{"rendered":"Etorki Foresti\u00e8re"},"content":{"rendered":"\r\n<h1>De l&rsquo;achat du vol de la for\u00eat<br \/>au transport \u00e0 destination<\/h1>\r\n<h2>NOUS ACHETONS LE BOIS DE VOTRE FOR\u00caT<\/h2>\r\n<p>Nous achetons tous les types de conif\u00e8res (pin de Monterey, pin maritime, m\u00e9l\u00e8ze, pin noir, etc.).<\/p>\r\n<p>Notre activit\u00e9 couvre de l&rsquo;achat du vol de la for\u00eat au transport \u00e0 destination.<\/p>\r\n<h2>PERSONNEL<\/h2>\r\n<p>Etorki dispose d&rsquo;une grande \u00e9quipe de professionnels, disposant d&rsquo;une grande exp\u00e9rience et pr\u00e9paration technique dans le d\u00e9veloppement d&rsquo;activit\u00e9s foresti\u00e8res, orient\u00e9es vers l&rsquo;approvisionnement en bois pour notre activit\u00e9 industrielle de sciage et de transformation du bois.<\/p>\r\n<p>Notre activit\u00e9 s&rsquo;\u00e9tend principalement dans tout le Pays basque, la Navarre, le nord de la Castille et L\u00e9on, La Rioja et la Cantabrie.<\/p>\r\n<p>Nos donn\u00e9es d&rsquo;abattage annuelles d\u00e9passent les 200\u2009000\u00a0t.<\/p>\r\n","protected":false},"excerpt":{"rendered":"<p>De l&rsquo;achat du vol de la for\u00eatau transport \u00e0 destination NOUS ACHETONS LE BOIS DE VOTRE FOR\u00caT Nous achetons tous les types de conif\u00e8res (pin de Monterey, pin maritime, m\u00e9l\u00e8ze, pin noir, etc.). Notre activit\u00e9 couvre de l&rsquo;achat du vol de la for\u00eat au transport \u00e0 destination. PERSONNEL Etorki dispose d&rsquo;une grande \u00e9quipe de professionnels,&hellip;<\/p>\n","protected":false},"author":2,"featured_media":0,"parent":0,"menu_order":0,"comment_status":"closed","ping_status":"closed","template":"","meta":{"footnotes":""},"class_list":["post-653","page","type-page","status-publish","hentry"],"_links":{"self":[{"href":"https:\/\/etorki.com\/fr\/wp-json\/wp\/v2\/pages\/653","targetHints":{"allow":["GET"]}}],"collection":[{"href":"https:\/\/etorki.com\/fr\/wp-json\/wp\/v2\/pages"}],"about":[{"href":"https:\/\/etorki.com\/fr\/wp-json\/wp\/v2\/types\/page"}],"author":[{"embeddable":true,"href":"https:\/\/etorki.com\/fr\/wp-json\/wp\/v2\/users\/2"}],"replies":[{"embeddable":true,"href":"https:\/\/etorki.com\/fr\/wp-json\/wp\/v2\/comments?post=653"}],"version-history":[{"count":0,"href":"https:\/\/etorki.com\/fr\/wp-json\/wp\/v2\/pages\/653\/revisions"}],"wp:attachment":[{"href":"https:\/\/etorki.com\/fr\/wp-json\/wp\/v2\/media?parent=653"}],"curies":[{"name":"wp","href":"https:\/\/api.w.org\/{rel}","templated":true}]}}