{"id":650,"date":"2020-12-23T08:38:20","date_gmt":"2020-12-23T07:38:20","guid":{"rendered":"http:\/\/194.30.98.125\/productos\/"},"modified":"2025-12-19T14:54:49","modified_gmt":"2025-12-19T13:54:49","slug":"produits","status":"publish","type":"page","link":"https:\/\/etorki.com\/fr\/produits\/","title":{"rendered":"Produits"},"content":{"rendered":"\n<h1>\n\t\t\tLarge gamme de sections<br \/>pour diff\u00e9rents secteurs\t<\/h1>\n<h2  id=\"maderaparaembalajes\">\n\t\t\tBOIS POUR EMBALLAGES\t<\/h2>\n<h2  id=\"quienessomos\">\n\t\t\tDIMENSIONS\t<\/h2>\n\t\t\t\t\t\t<h4>LONGUEURS<\/h4>\t\t\t\t\t\n\t\t\t<p>2, 2.5 et 3 m\u00e8tres<\/p>\t\t\n\t\t\t\t\t\t<h4>LARGEURS<\/h4>\t\t\t\t\t\n\t\t\t<p>De 70 \u00e0 210 mm<\/p>\t\t\n\t\t\t\t\t\t<h4>\u00c9PAISSEURS<\/h4>\t\t\t\t\t\n\t\t\t<p>De 15 \u00e0 100 mm<\/p>\t\t\n<h2  id=\"quienessomos\">\n\t\t\tSECTEURS DE DESTINATION\t<\/h2>\n\t\t\t\t\t\t\t\t\t<img decoding=\"async\" src=\"https:\/\/etorki.com\/wp-content\/uploads\/2021\/01\/ikonoak2-04.png\" alt=\"ikonoak2-04\" itemprop=\"image\" height=\"296\" width=\"296\" srcset=\"https:\/\/etorki.com\/wp-content\/uploads\/2021\/01\/ikonoak2-04.png 296w, https:\/\/etorki.com\/wp-content\/uploads\/2021\/01\/ikonoak2-04-150x150.png 150w\" sizes=\"(max-width: 296px) 100vw, 296px\" title=\"ikonoak2-04\" onerror=\"this.style.display='none'\"  \/>\n<h3>\n\t\t\tPALETTE\t<\/h3>\n\t\t\t\t\t\t\t\t\t<img decoding=\"async\" src=\"https:\/\/etorki.com\/wp-content\/uploads\/2020\/12\/cajas-de-madera-productos-etorki-aserradero-pinus-radiata-industria-madera-explotacion-forestal-euskadi-alava.png\" alt=\"cajas-de-madera-productos-etorki-aserradero-pinus-radiata-industria-madera-explotacion-forestal-euskadi-alava\" itemprop=\"image\" height=\"104\" width=\"102\" title=\"cajas-de-madera-productos-etorki-aserradero-pinus-radiata-industria-madera-explotacion-forestal-euskadi-alava\" onerror=\"this.style.display='none'\"  \/>\n<h3>\n\t\t\tBO\u00ceTES EN BOIS\t<\/h3>\n\t\t\t\t\t\t\t\t\t<img decoding=\"async\" src=\"https:\/\/etorki.com\/wp-content\/uploads\/2021\/01\/ikonoak2-03.png\" alt=\"ikonoak2-03\" itemprop=\"image\" height=\"296\" width=\"297\" srcset=\"https:\/\/etorki.com\/wp-content\/uploads\/2021\/01\/ikonoak2-03.png 297w, https:\/\/etorki.com\/wp-content\/uploads\/2021\/01\/ikonoak2-03-150x150.png 150w\" sizes=\"(max-width: 297px) 100vw, 297px\" title=\"ikonoak2-03\" onerror=\"this.style.display='none'\"  \/>\n<h3>\n\t\t\tBO\u00ceTES DE FRUITS\t<\/h3>\n\t\t\t\t\t\t\t\t\t<img decoding=\"async\" src=\"https:\/\/etorki.com\/wp-content\/uploads\/2020\/12\/cajas-de-vino-productos-etorki-aserradero-pinus-radiata-industria-madera-explotacion-forestal-euskadi-alava.png\" alt=\"cajas-de-vino-productos-etorki-aserradero-pinus-radiata-industria-madera-explotacion-forestal-euskadi-alava\" itemprop=\"image\" height=\"84\" width=\"145\" title=\"cajas-de-vino-productos-etorki-aserradero-pinus-radiata-industria-madera-explotacion-forestal-euskadi-alava\" onerror=\"this.style.display='none'\"  \/>\n<h3>\n\t\t\tBO\u00ceTES DE VIN\t<\/h3>\n\t\t\t\t\t\t\t\t\t<img decoding=\"async\" src=\"https:\/\/etorki.com\/wp-content\/uploads\/2021\/01\/ikonoak2-02.png\" alt=\"ikonoak2-02\" itemprop=\"image\" height=\"296\" width=\"296\" srcset=\"https:\/\/etorki.com\/wp-content\/uploads\/2021\/01\/ikonoak2-02.png 296w, https:\/\/etorki.com\/wp-content\/uploads\/2021\/01\/ikonoak2-02-150x150.png 150w\" sizes=\"(max-width: 296px) 100vw, 296px\" title=\"ikonoak2-02\" onerror=\"this.style.display='none'\"  \/>\n<h3>\n\t\t\tBOBINES EN BOIS\t<\/h3>\n\t\t\t\t\t\t\t\t\t<img decoding=\"async\" src=\"https:\/\/etorki.com\/wp-content\/uploads\/2020\/12\/esqueletaje-productos-etorki-aserradero-pinus-radiata-industria-madera-explotacion-forestal-euskadi-alava.png\" alt=\"esqueletaje-productos-etorki-aserradero-pinus-radiata-industria-madera-explotacion-forestal-euskadi-alava\" itemprop=\"image\" height=\"89\" width=\"146\" title=\"esqueletaje-productos-etorki-aserradero-pinus-radiata-industria-madera-explotacion-forestal-euskadi-alava\" onerror=\"this.style.display='none'\"  \/>\n<h3>\n\t\t\tSQUELETTE\t<\/h3>\n<h2  id=\"otrasaplicaciones\">\n\t\t\tAUTRES APPLICATIONS\t<\/h2>\n\t\t\t\t\t\t\t\t\t<img decoding=\"async\" src=\"https:\/\/etorki.com\/wp-content\/uploads\/2020\/12\/mueble-productos-etorki-aserradero-pinus-radiata-industria-madera-explotacion-forestal-euskadi-alava.png\" alt=\"mueble-productos-etorki-aserradero-pinus-radiata-industria-madera-explotacion-forestal-euskadi-alava\" itemprop=\"image\" height=\"102\" width=\"119\" title=\"mueble-productos-etorki-aserradero-pinus-radiata-industria-madera-explotacion-forestal-euskadi-alava\" onerror=\"this.style.display='none'\"  \/>\n<h3>\n\t\t\tMEUBLE\t<\/h3>\n\t\t\t\t\t\t\t\t\t<img decoding=\"async\" src=\"https:\/\/etorki.com\/wp-content\/uploads\/2020\/12\/construccion-productos-etorki-aserradero-pinus-radiata-industria-madera-explotacion-forestal-euskadi-alava.png\" alt=\"construccion-productos-etorki-aserradero-pinus-radiata-industria-madera-explotacion-forestal-euskadi-alava\" itemprop=\"image\" height=\"120\" width=\"138\" title=\"construccion-productos-etorki-aserradero-pinus-radiata-industria-madera-explotacion-forestal-euskadi-alava\" onerror=\"this.style.display='none'\"  \/>\n<h3>\n\t\t\tCONSTRUCTION\t<\/h3>\n<h2  id=\"datosgenerales\">\n\t\t\tS\u00c9CHAGE INDUSTRIEL\t<\/h2>\n<h2  id=\"datosgenerales\">\n\t\t\t<b>SP\u00c9CIALISTES DANS LE S\u00c9CHAGE<\/b>\t<\/h2>\n<h3>\n\t\t\t50 000\t<\/h3>\n<h4>\n\t\t\tm\u00b3 capacit\u00e9<br \/>de s\u00e9chage\t<\/h4>\n<h3>\n\t\t\tNOUS S\u00c9CHONS\t<\/h3>\n<h4>\n\t\t\tselon les sp\u00e9cifications<br \/>du client\t<\/h4>\n<h3>\n\t\t\tTRAITEMENT\t<\/h3>\n<h4>\n\t\t\tselon la norme internationale pour <br \/>Mesures phytosanitaires NIMP 15\t<\/h4>\n<h3>\n\t\t\tCONTR\u00d4LE\t<\/h3>\n<h4>\n\t\t\tmesure de l&rsquo;humidit\u00e9<br \/>tableau par tableau\t<\/h4>\n<h2  id=\"biomasa\">\n\t\t\tBIOMASSE ET AUTRES PRODUITS\t<\/h2>\n\t\t\t\t\t\t\t\t\t<img decoding=\"async\" src=\"https:\/\/etorki.com\/wp-content\/uploads\/2021\/02\/astilla.jpg\" alt=\"astilla\" itemprop=\"image\" height=\"488\" width=\"600\" srcset=\"https:\/\/etorki.com\/wp-content\/uploads\/2021\/02\/astilla.jpg 600w, https:\/\/etorki.com\/wp-content\/uploads\/2021\/02\/astilla-300x244.jpg 300w\" sizes=\"(max-width: 600px) 100vw, 600px\" title=\"astilla\" onerror=\"this.style.display='none'\"  \/>\n<h3>\n\t\t\tPETIT BOIS\t<\/h3>\n\t\t\t\t\t\t\t\t\t<img decoding=\"async\" src=\"https:\/\/etorki.com\/wp-content\/uploads\/2021\/02\/corteza.jpg\" alt=\"corteza\" itemprop=\"image\" height=\"488\" width=\"600\" srcset=\"https:\/\/etorki.com\/wp-content\/uploads\/2021\/02\/corteza.jpg 600w, https:\/\/etorki.com\/wp-content\/uploads\/2021\/02\/corteza-300x244.jpg 300w\" sizes=\"(max-width: 600px) 100vw, 600px\" title=\"corteza\" onerror=\"this.style.display='none'\"  \/>\n<h3>\n\t\t\t\u00c9CORCE\t<\/h3>\n\t\t\t\t\t\t\t\t\t<img decoding=\"async\" src=\"https:\/\/etorki.com\/wp-content\/uploads\/2021\/02\/serrin3.jpg\" alt=\"serrin3\" itemprop=\"image\" height=\"488\" width=\"600\" srcset=\"https:\/\/etorki.com\/wp-content\/uploads\/2021\/02\/serrin3.jpg 600w, https:\/\/etorki.com\/wp-content\/uploads\/2021\/02\/serrin3-300x244.jpg 300w\" sizes=\"(max-width: 600px) 100vw, 600px\" title=\"serrin3\" onerror=\"this.style.display='none'\"  \/>\n<h3>\n\t\t\tSCIURE\t<\/h3>\n<h2  id=\"certificados\">\n\t\t\tCERTIFICATS\t<\/h2>\n<h2  id=\"quienessomos\">\n\t\t\tPEFC\t<\/h2>\n\t\t\t<a href=\"https:\/\/etorki.com\/wp-content\/uploads\/2025\/12\/CertificatePEFC-2025.pdf\" target=\"_blank\" rel=\"noopener\">\n\t\t\t\t\t\t\tVoir certificat\n\t\t\t\t\t<\/a>\n<h2  id=\"quienessomos\">\n\t\t\tISO 9001\t<\/h2>\n\t\t\t<a href=\"https:\/\/etorki.com\/wp-content\/uploads\/2023\/12\/CERTF.-ED-7-9001-FRANCES.pdf\" target=\"_blank\" rel=\"noopener\">\n\t\t\t\t\t\t\tVoir certificat\n\t\t\t\t\t<\/a>\n<h2  id=\"quienessomos\">\n\t\t\tISO 14001\t<\/h2>\n\t\t\t<a href=\"https:\/\/etorki.com\/wp-content\/uploads\/2023\/12\/CERTF.-ED-6-14001-FRANCES.pdf\" target=\"_blank\" rel=\"noopener\">\n\t\t\t\t\t\t\tVoir certificat\n\t\t\t\t\t<\/a>\n<h2  id=\"quienessomos\">\n\t\t\tNIMF-15\t<\/h2>\n\t\t\t<a href=\"https:\/\/etorki.com\/wp-content\/uploads\/2021\/01\/nimf15_2004.pdf\" target=\"_blank\" rel=\"noopener\">\n\t\t\t\t\t\t\tVoir certificat\n\t\t\t\t\t<\/a>\n<h2>\n\t\t\tEPD\t<\/h2>\n\t\t\t<a href=\"https:\/\/etorki.com\/wp-content\/uploads\/2025\/09\/Certificado-EPD.pdf\" target=\"_blank\" rel=\"noopener\">\n\t\t\t\t\t\t\tVoir certificat\n\t\t\t\t\t<\/a>\n<h2  id=\"quienessomos\">\n\t\t\tNotre engagement\t<\/h2>\n\t\t\t<a href=\"https:\/\/etorki.com\/wp-content\/uploads\/2022\/09\/AN-01__POLITICA_CALIDAD-MEDIOAMBIENTE-PEFC__2017.pdf\" target=\"_blank\" rel=\"noopener\">\n\t\t\t\t\t\t\tPolitique d&rsquo;entreprise\n\t\t\t\t\t<\/a>\n<h2  id=\"distribucion\">\n\t\t\tENTREP\u00d4T DE<br \/>DISTRIBUTION\t<\/h2>\n\t<p>Nous disposons d&rsquo;un entrep\u00f4t de distribution \u00e0 Villalobar de la Rioja, d&rsquo;une superficie d&rsquo;environ 68\u00a0000 m\u00b2 et \u00e9quip\u00e9 de deux s\u00e9choirs \u00e0 bois.<\/p>\n\t\t\t\t<img decoding=\"async\" src=\"https:\/\/etorki.com\/wp-content\/uploads\/2021\/02\/Villalobar-distribucion.jpg\" alt=\"Villalobar-distribucion\" itemprop=\"image\" height=\"691\" width=\"973\" title=\"Villalobar-distribucion\" onerror=\"this.style.display='none'\" loading=\"lazy\" \/>\n\n","protected":false},"excerpt":{"rendered":"<p>Large gamme de sectionspour diff\u00e9rents secteurs BOIS POUR EMBALLAGES DIMENSIONS LONGUEURS 2, 2.5 et 3 m\u00e8tres LARGEURS De 70 \u00e0 210 mm \u00c9PAISSEURS De 15 \u00e0 100 mm SECTEURS DE DESTINATION PALETTE BO\u00ceTES EN BOIS BO\u00ceTES DE FRUITS BO\u00ceTES DE VIN BOBINES EN BOIS SQUELETTE AUTRES APPLICATIONS MEUBLE CONSTRUCTION S\u00c9CHAGE INDUSTRIEL SP\u00c9CIALISTES DANS LE S\u00c9CHAGE&hellip;<\/p>\n","protected":false},"author":1,"featured_media":0,"parent":0,"menu_order":0,"comment_status":"closed","ping_status":"closed","template":"","meta":{"footnotes":""},"class_list":["post-650","page","type-page","status-publish","hentry"],"_links":{"self":[{"href":"https:\/\/etorki.com\/fr\/wp-json\/wp\/v2\/pages\/650","targetHints":{"allow":["GET"]}}],"collection":[{"href":"https:\/\/etorki.com\/fr\/wp-json\/wp\/v2\/pages"}],"about":[{"href":"https:\/\/etorki.com\/fr\/wp-json\/wp\/v2\/types\/page"}],"author":[{"embeddable":true,"href":"https:\/\/etorki.com\/fr\/wp-json\/wp\/v2\/users\/1"}],"replies":[{"embeddable":true,"href":"https:\/\/etorki.com\/fr\/wp-json\/wp\/v2\/comments?post=650"}],"version-history":[{"count":0,"href":"https:\/\/etorki.com\/fr\/wp-json\/wp\/v2\/pages\/650\/revisions"}],"wp:attachment":[{"href":"https:\/\/etorki.com\/fr\/wp-json\/wp\/v2\/media?parent=650"}],"curies":[{"name":"wp","href":"https:\/\/api.w.org\/{rel}","templated":true}]}}