{"id":647,"date":"2020-12-22T19:05:06","date_gmt":"2020-12-22T19:05:06","guid":{"rendered":"http:\/\/194.30.98.125\/nosotros\/"},"modified":"2021-06-09T16:23:15","modified_gmt":"2021-06-09T14:23:15","slug":"nous","status":"publish","type":"page","link":"https:\/\/etorki.com\/fr\/nous\/","title":{"rendered":"Nous"},"content":{"rendered":"\n<h1>\n\t\tSolutions en bois<br \/> pour un avenir durable\n\t<\/h1>\n<h2>\n\t\tQUI SOMMES-NOUS?\n\t<\/h2>\n\t<p>Depuis 1984, nous sommes une r\u00e9f\u00e9rence dans la production de bois de Pin de Monterey.<\/p>\n<p>Nous faisons partie de la Soci\u00e9t\u00e9 Mondrag\u00f3n.<\/p>\n<h2>\n\t\tDONN\u00c9ES G\u00c9N\u00c9RALES\n\t<\/h2>\n<h3>\n\t\t+120\n\t<\/h3>\n<h4>\n\t\tPERSONNES\n\t<\/h4>\n<h3>\n\t\t+24\n\t<\/h3>\n<h4>\n\t\tM\u20ac DE FACTURATION\n\t<\/h4>\n<h3>\n\t\t80 000\n\t<\/h3>\n<h4>\n\t\tM\u00b3 DE BOIS SCI\u00c9\n\t<\/h4>\n<h3>\n\t\t50 000\n\t<\/h3>\n<h4>\n\t\tM\u00b3 DE CAPACIT\u00c9<br \/>DE S\u00c9CHAGE\n\t<\/h4>\n<h3>\n\t\t200 000\n\t<\/h3>\n<h4>\n\t\tT DE GESTION<br \/>DE TRONC\n\t<\/h4>\n<h2>\n\t\tSOCI\u00c9T\u00c9 MONDRAGON<br \/>NOUS SOMMES UNE COOP\u00c9RATIVE\n\t<\/h2>\n\t<p>La Soci\u00e9t\u00e9 MONDRAGON est le premier groupe d&rsquo;entreprises du Pays basque et l&rsquo;un des plus importants dans le classement des principales entreprises espagnoles. Pr\u00e9sent sur les cinq continents avec 141 usines de production dans 37 pays et une pr\u00e9sence commerciale dans 53 pays, avec des ventes dans plus de 150 pays.<\/p>\n<h3>\n\t\t96\n\t<\/h3>\n<h4>\n\t\tCOOP\u00c9RATIVES\n\t<\/h4>\n<h3>\n\t\t+81 000\n\t<\/h3>\n<h4>\n\t\tPERSONNES\n\t<\/h4>\n<h3>\n\t\t14\n\t<\/h3>\n<h4>\n\t\tCENTRES R+D\n\t<\/h4>\n<h3>\n\t\t1\n\t<\/h3>\n<h4>\n\t\tGROUPE D&rsquo;ENTREPRISE BASQUE\n\t<\/h4>\n<h3>\n\t\t150\n\t<\/h3>\n<h4>\n\t\tPAYS AVEC VENTES\n\t<\/h4>\n\n","protected":false},"excerpt":{"rendered":"<p>Solutions en bois pour un avenir durable QUI SOMMES-NOUS? Depuis 1984, nous sommes une r\u00e9f\u00e9rence dans la production de bois de Pin de Monterey. Nous faisons partie de la Soci\u00e9t\u00e9 Mondrag\u00f3n. DONN\u00c9ES G\u00c9N\u00c9RALES +120 PERSONNES +24 M\u20ac DE FACTURATION 80 000 M\u00b3 DE BOIS SCI\u00c9 50 000 M\u00b3 DE CAPACIT\u00c9DE S\u00c9CHAGE 200 000 T DE&hellip;<\/p>\n","protected":false},"author":1,"featured_media":0,"parent":0,"menu_order":0,"comment_status":"closed","ping_status":"closed","template":"","meta":{"footnotes":""},"class_list":["post-647","page","type-page","status-publish","hentry"],"_links":{"self":[{"href":"https:\/\/etorki.com\/fr\/wp-json\/wp\/v2\/pages\/647","targetHints":{"allow":["GET"]}}],"collection":[{"href":"https:\/\/etorki.com\/fr\/wp-json\/wp\/v2\/pages"}],"about":[{"href":"https:\/\/etorki.com\/fr\/wp-json\/wp\/v2\/types\/page"}],"author":[{"embeddable":true,"href":"https:\/\/etorki.com\/fr\/wp-json\/wp\/v2\/users\/1"}],"replies":[{"embeddable":true,"href":"https:\/\/etorki.com\/fr\/wp-json\/wp\/v2\/comments?post=647"}],"version-history":[{"count":0,"href":"https:\/\/etorki.com\/fr\/wp-json\/wp\/v2\/pages\/647\/revisions"}],"wp:attachment":[{"href":"https:\/\/etorki.com\/fr\/wp-json\/wp\/v2\/media?parent=647"}],"curies":[{"name":"wp","href":"https:\/\/api.w.org\/{rel}","templated":true}]}}