{"id":644,"date":"2020-12-22T15:26:40","date_gmt":"2020-12-22T15:26:40","guid":{"rendered":"http:\/\/194.30.98.125\/home\/"},"modified":"2025-03-20T16:47:58","modified_gmt":"2025-03-20T15:47:58","slug":"home","status":"publish","type":"page","link":"https:\/\/etorki.com\/fr\/","title":{"rendered":"Home"},"content":{"rendered":"\n<h1>\n\t\tNous sommes une scierie de Pin de Monterey  <br \/>engag\u00e9s dans la gestion durable des for\u00eats.\n\t<\/h1>\n<h2>\n\t\tDOMAINES D&rsquo;ACTIVIT\u00c9\n\t<\/h2>\n\t\t\t\t\t\t\t\t<a href=\"https:\/\/etorki.com\/fr\/produits\/\" target=\"_self\" itemprop=\"url\">\n\t\t\t\t\t\t\t\t\t<img decoding=\"async\" src=\"https:\/\/etorki.com\/wp-content\/uploads\/2020\/12\/industria-madera-etorki-aserradero-pinus-radiata-industria-madera-explotacion-forestal-euskadi-alava.png\" alt=\"industria-madera-etorki-aserradero-pinus-radiata-industria-madera-explotacion-forestal-euskadi-alava\" itemprop=\"image\" height=\"100\" width=\"127\" title=\"industria-madera-etorki-aserradero-pinus-radiata-industria-madera-explotacion-forestal-euskadi-alava\" onerror=\"this.style.display='none'\"  \/>\n\t\t\t\t\t\t\t\t\t\t\t\t\t<\/a>\n<h3>\n\t\tINDUSTRIE <br \/>DU BOIS\n\t<\/h3>\n\t<p>\u00a0Nous nous consacrons principalement au sciage du bois de pin et \u00e0 sa transformation.<\/p>\n\t\t\t\t\t\t\t\t<a href=\"https:\/\/etorki.com\/fr\/etorki-forestiere\/\" target=\"_self\" itemprop=\"url\">\n\t\t\t\t\t\t\t\t\t<img decoding=\"async\" src=\"https:\/\/etorki.com\/wp-content\/uploads\/2020\/12\/explotacion-forestal-propia-etorki-aserradero-pinus-radiata-industria-madera-explotacion-forestal-euskadi-alava.png\" alt=\"explotacion-forestal-propia-etorki-aserradero-pinus-radiata-industria-madera-explotacion-forestal-euskadi-alava\" itemprop=\"image\" height=\"100\" width=\"127\" title=\"explotacion-forestal-propia-etorki-aserradero-pinus-radiata-industria-madera-explotacion-forestal-euskadi-alava\" onerror=\"this.style.display='none'\"  \/>\n\t\t\t\t\t\t\t\t\t\t\t\t\t<\/a>\n<h3>\n\t\tEXPLOITATION<br \/>FORESTI\u00c8RE PROPREA\n\t<\/h3>\n\t<p>Nous assurons l&rsquo;approvisionnement en bois de notre scierie, en minimisant les effets de la saisonnalit\u00e9.<\/p>\n\t\t\t\t\t\t\t\t<a href=\"https:\/\/etorki.com\/fr\/etorki-forestiere\/#compramos\" target=\"_self\" itemprop=\"url\">\n\t\t\t\t\t\t\t\t\t<img decoding=\"async\" src=\"https:\/\/etorki.com\/wp-content\/uploads\/2021\/01\/monte-01-3.png\" alt=\"monte-01\" itemprop=\"image\" height=\"100\" width=\"132\" title=\"monte-01\" onerror=\"this.style.display='none'\"  \/>\n\t\t\t\t\t\t\t\t\t\t\t\t\t<\/a>\n<h3>\n\t\tNOUS ACHETONS LE BOIS DE VOTRE FOR\u00caT\n\t<\/h3>\n\t<p>Notre activit\u00e9 couvre de l&rsquo;achat du vol au transport jusqu&rsquo;\u00e0 la destination.<\/p>\n\t\t\t\t\t\t\t\t<a href=\"https:\/\/etorki.com\/fr\/pin-de-monterey\/\" target=\"_self\" itemprop=\"url\">\n\t\t\t\t\t\t\t\t\t<img decoding=\"async\" src=\"https:\/\/etorki.com\/wp-content\/uploads\/2020\/12\/pinus-radiata-etorki-aserradero-pinus-radiata-industria-madera-explotacion-forestal-euskadi-alava.png\" alt=\"pinus-radiata-etorki-aserradero-pinus-radiata-industria-madera-explotacion-forestal-euskadi-alava\" itemprop=\"image\" height=\"100\" width=\"127\" title=\"pinus-radiata-etorki-aserradero-pinus-radiata-industria-madera-explotacion-forestal-euskadi-alava\" onerror=\"this.style.display='none'\"  \/>\n\t\t\t\t\t\t\t\t\t\t\t\t\t<\/a>\n<h3>\n\t\tPIN DE<br \/>MONTEREY\n\t<\/h3>\n\t<p>L&rsquo;esp\u00e8ce la plus r\u00e9pandue au Pays basque avec plus de 115 mille hectares.<\/p>\n<h3>\n\t\t80\u2009000\n\t<\/h3>\n<h4>\n\t\tm\u00b3 DE BOIS SCI\u00c9\n\t<\/h4>\n<h3>\n\t\t50\u2009000\n\t<\/h3>\n<h4>\n\t\tm\u00b3 CAPACIT\u00c9 DE S\u00c9CHAGE\n\t<\/h4>\n<h3>\n\t\t200\u2009000\n\t<\/h3>\n<h4>\n\t\tT DE GESTION\n\t<\/h4>\n\t<iframe allowfullscreen allow=\"autoplay\" data-src=\"https:\/\/player.vimeo.com\/video\/568972100?color&amp;autopause=0&amp;loop=0&amp;muted=0&amp;title=0&amp;portrait=0&amp;byline=0&amp;h=managevideos\"><\/iframe>\t\t\n\t\t\t\t\tPlay Video\n<h2>\n\t\tNOUVELLES\n\t<\/h2>\n\t<meta itemscope itemprop=\"mainEntityOfPage\" itemtype=\"https:\/\/schema.org\/WebPage\" itemid=\"http:\/\/1361\" content=\"Etorki apoya el campeonato de Espa\u00f1a de Ciclocross en Amurrio\" \/><meta itemprop=\"datePublished\" content=\"2024-02-07\" \/><meta itemprop=\"dateModified\" content=\"2024-04-19\" \/><meta itemprop=\"name\" content=\"Etorki\"\/><meta itemprop=\"url\" content=\"https:\/\/etorki.com\/fr\/author\/3gnpb8t0j5u6naacz48sl2pxz5jxsz\/\" \/><meta itemprop=\"name\" content=\"3GNpb8T0J5u6NaACz48sl2pXZ5JxSZ\" \/><meta itemprop=\"url\" content=\"https:\/\/etorki.com\/wp-content\/uploads\/2024\/02\/etorki-apoya-el-campeonato-ciclocross-espana.jpg\" \/><meta itemprop=\"width\" content=\"1600\" \/><meta itemprop=\"height\" content=\"900\" \/><meta itemprop=\"interactionType\" content=\"https:\/\/schema.org\/CommentAction\" \/><meta itemprop=\"userInteractionCount\" content=\"0\" \/>\n\t\t\t\t\t<a href=\"https:\/\/etorki.com\/fr\/etorki-apoya-el-campeonato-de-espana-de-ciclocross-en-amurrio\/\" title=\"Etorki apoya el campeonato de Espa\u00f1a de Ciclocross en Amurrio\"><\/a>\n\t\t\t\t<img decoding=\"async\" src=\"https:\/\/etorki.com\/wp-content\/uploads\/2024\/02\/etorki-apoya-el-campeonato-ciclocross-espana-1024x576.jpg\" alt=\"etorki apoya campeonato ciclocross espa\u00f1a\" itemprop=\"image\" data-no-lazy=\"1\" height=\"576\" width=\"1024\" title=\"etorki apoya el campeonato ciclocross espa\u00f1a\" onerror=\"this.style.display='none'\"  \/>\n\t\t\t\t\t\t\t\t\t<h3 itemprop=\"headline\">\n\t\t\t\t\t\t\t\t\t\t\t\t\t\tEtorki apoya el campeonato de Espa\u00f1a de Ciclocross en Amurrio\t\t\t\t\t\t\t\t\t\t\t<\/h3>\n\t\t\t07\/02\/2024\t\t\t\t\t\t\n\t<meta itemscope itemprop=\"mainEntityOfPage\" itemtype=\"https:\/\/schema.org\/WebPage\" itemid=\"http:\/\/1273\" content=\"Federico Saiz Alonso, gerente de ETORKI: \u00ab\u00a0En los bosques bien cuidados el riesgo de incendio es menor\u00a0\u00bb\" \/><meta itemprop=\"datePublished\" content=\"2022-07-08\" \/><meta itemprop=\"dateModified\" content=\"2022-07-15\" \/><meta itemprop=\"name\" content=\"Etorki\"\/><meta itemprop=\"url\" content=\"https:\/\/etorki.com\/fr\/author\/3gnpb8t0j5u6naacz48sl2pxz5jxsz\/\" \/><meta itemprop=\"name\" content=\"3GNpb8T0J5u6NaACz48sl2pXZ5JxSZ\" \/><meta itemprop=\"url\" content=\"https:\/\/etorki.com\/wp-content\/uploads\/2022\/07\/federico-saiz-alonso.jpeg\" \/><meta itemprop=\"width\" content=\"992\" \/><meta itemprop=\"height\" content=\"558\" \/><meta itemprop=\"interactionType\" content=\"https:\/\/schema.org\/CommentAction\" \/><meta itemprop=\"userInteractionCount\" content=\"0\" \/>\n\t\t\t\t\t<a href=\"https:\/\/etorki.com\/fr\/federico-saiz-alonso-gerente-de-etorki-en-los-bosques-bien-cuidados-el-riesgo-de-incendio-es-menor\/\" title=\"Federico Saiz Alonso, gerente de ETORKI: \u00ab\u00a0En los bosques bien cuidados el riesgo de incendio es menor\u00a0\u00bb\"><\/a>\n\t\t\t\t<img decoding=\"async\" src=\"https:\/\/etorki.com\/wp-content\/uploads\/2022\/07\/federico-saiz-alonso.jpeg\" alt=\"Federico Saiz Alonso\" itemprop=\"image\" data-no-lazy=\"1\" height=\"558\" width=\"992\" title=\"federico-saiz-alonso\" onerror=\"this.style.display='none'\"  \/>\n\t\t\t\t\t\t\t\t\t<h3 itemprop=\"headline\">\n\t\t\t\t\t\t\t\t\t\t\t\t\t\tFederico Saiz Alonso, gerente de ETORKI: \u00ab\u00a0En los bosques bien cuidados el riesgo de incendio es menor\u00a0\u00bb\t\t\t\t\t\t\t\t\t\t\t<\/h3>\n\t\t\t08\/07\/2022\t\t\t\t\t\t\n\t<meta itemscope itemprop=\"mainEntityOfPage\" itemtype=\"https:\/\/schema.org\/WebPage\" itemid=\"http:\/\/1244\" content=\"ETORKI en la feria Carrefour du Bois\" \/><meta itemprop=\"datePublished\" content=\"2022-06-06\" \/><meta itemprop=\"dateModified\" content=\"2022-06-06\" \/><meta itemprop=\"name\" content=\"Etorki\"\/><meta itemprop=\"url\" content=\"https:\/\/etorki.com\/fr\/author\/3gnpb8t0j5u6naacz48sl2pxz5jxsz\/\" \/><meta itemprop=\"name\" content=\"3GNpb8T0J5u6NaACz48sl2pXZ5JxSZ\" \/><meta itemprop=\"url\" content=\"https:\/\/etorki.com\/wp-content\/uploads\/2022\/06\/IMG_20220602_151153-scaled.jpeg\" \/><meta itemprop=\"width\" content=\"2560\" \/><meta itemprop=\"height\" content=\"1920\" \/><meta itemprop=\"interactionType\" content=\"https:\/\/schema.org\/CommentAction\" \/><meta itemprop=\"userInteractionCount\" content=\"0\" \/>\n\t\t\t\t\t<a href=\"https:\/\/etorki.com\/fr\/etorki-en-la-feria-carrefour-du-bois\/\" title=\"ETORKI en la feria Carrefour du Bois\"><\/a>\n\t\t\t\t<img decoding=\"async\" src=\"https:\/\/etorki.com\/wp-content\/uploads\/2022\/06\/IMG_20220602_151153-1024x768.jpeg\" alt=\"Etorki - \" itemprop=\"image\" data-no-lazy=\"1\" height=\"768\" width=\"1024\" title=\"IMG_20220602_151153\" onerror=\"this.style.display='none'\"  \/>\n\t\t\t\t\t\t\t\t\t<h3 itemprop=\"headline\">\n\t\t\t\t\t\t\t\t\t\t\t\t\t\tETORKI en la feria Carrefour du Bois\t\t\t\t\t\t\t\t\t\t\t<\/h3>\n\t\t\t06\/06\/2022\t\t\t\t\t\t\n\t\t\t\t<ul class='page-numbers'>\n\t<li>1<\/li>\n\t<li><a href=\"https:\/\/etorki.com\/fr\/page\/2\/?fl_builder\">2<\/a><\/li>\n<\/ul>\n\t\t\t\t\t<a href=\"#\">\n\t\t\t\t\tChargez plus\n\t\t\t\t\t<img decoding=\"async\" src=\"https:\/\/etorki.com\/wp-content\/plugins\/bbpowerpack\/assets\/images\/spinner.gif\" alt=\"loader\" \/><\/a>\n\t\t<!-- .pp-content-posts -->\n\n","protected":false},"excerpt":{"rendered":"<p>Nous sommes une scierie de Pin de Monterey engag\u00e9s dans la gestion durable des for\u00eats. DOMAINES D&rsquo;ACTIVIT\u00c9 INDUSTRIE DU BOIS \u00a0Nous nous consacrons principalement au sciage du bois de pin et \u00e0 sa transformation. EXPLOITATIONFORESTI\u00c8RE PROPREA Nous assurons l&rsquo;approvisionnement en bois de notre scierie, en minimisant les effets de la saisonnalit\u00e9. NOUS ACHETONS LE BOIS&hellip;<\/p>\n","protected":false},"author":1,"featured_media":0,"parent":0,"menu_order":0,"comment_status":"closed","ping_status":"closed","template":"","meta":{"footnotes":""},"class_list":["post-644","page","type-page","status-publish","hentry"],"_links":{"self":[{"href":"https:\/\/etorki.com\/fr\/wp-json\/wp\/v2\/pages\/644","targetHints":{"allow":["GET"]}}],"collection":[{"href":"https:\/\/etorki.com\/fr\/wp-json\/wp\/v2\/pages"}],"about":[{"href":"https:\/\/etorki.com\/fr\/wp-json\/wp\/v2\/types\/page"}],"author":[{"embeddable":true,"href":"https:\/\/etorki.com\/fr\/wp-json\/wp\/v2\/users\/1"}],"replies":[{"embeddable":true,"href":"https:\/\/etorki.com\/fr\/wp-json\/wp\/v2\/comments?post=644"}],"version-history":[{"count":0,"href":"https:\/\/etorki.com\/fr\/wp-json\/wp\/v2\/pages\/644\/revisions"}],"wp:attachment":[{"href":"https:\/\/etorki.com\/fr\/wp-json\/wp\/v2\/media?parent=644"}],"curies":[{"name":"wp","href":"https:\/\/api.w.org\/{rel}","templated":true}]}}